{"id":11694,"date":"2024-11-14T11:29:22","date_gmt":"2024-11-14T10:29:22","guid":{"rendered":"https:\/\/wp.sommer-it-factory.de\/?page_id=11694"},"modified":"2025-12-10T15:36:52","modified_gmt":"2025-12-10T14:36:52","slug":"karriere","status":"publish","type":"page","link":"https:\/\/www.sommer-it-factory.de\/index.php\/karriere\/","title":{"rendered":"Karriere"},"content":{"rendered":"<p>[et_pb_section fb_built=&#8220;1&#8243; disabled_on=&#8220;off|on|on&#8220; admin_label=&#8220;Mobil \u2013 Start&#8220; _builder_version=&#8220;4.27.3&#8243; _module_preset=&#8220;default&#8220; background_color=&#8220;#d4d1cc&#8220; custom_padding=&#8220;150px||||false|false&#8220; collapsed=&#8220;on&#8220; global_colors_info=&#8220;{}&#8220;][et_pb_row make_equal=&#8220;on&#8220; _builder_version=&#8220;4.27.3&#8243; _module_preset=&#8220;default&#8220; max_width=&#8220;80%&#8220; global_colors_info=&#8220;{}&#8220;][et_pb_column type=&#8220;4_4&#8243; _builder_version=&#8220;4.27.2&#8243; _module_preset=&#8220;default&#8220; global_colors_info=&#8220;{}&#8220;][et_pb_text admin_label=&#8220;OL&#8220; _builder_version=&#8220;4.27.3&#8243; _module_preset=&#8220;f3cf22af-2a75-41cb-803a-93e24d0d4096&#8243; header_font_size=&#8220;70px&#8220; header_4_text_align=&#8220;left&#8220; header_4_text_color=&#8220;#242424&#8243; header_4_letter_spacing=&#8220;4px&#8220; text_orientation=&#8220;center&#8220; global_colors_info=&#8220;{}&#8220;]<\/p>\n<h4>Karriere<\/h4>\n<p>[\/et_pb_text][et_pb_text admin_label=&#8220;HL&#8220; _builder_version=&#8220;4.27.3&#8243; _module_preset=&#8220;f3cf22af-2a75-41cb-803a-93e24d0d4096&#8243; header_text_align=&#8220;left&#8220; header_text_color=&#8220;#242424&#8243; header_font_size=&#8220;36px&#8220; global_colors_info=&#8220;{}&#8220;]<\/p>\n<h1>Starte Deine Karriere in der IT-Branche!<\/h1>\n<p>[\/et_pb_text][et_pb_image src=&#8220;https:\/\/www.sommer-it-factory.de\/wp-content\/uploads\/2024\/11\/APIOS-Karriere.jpg&#8220; title_text=&#8220;APIOS-Karriere&#8220; _builder_version=&#8220;4.27.3&#8243; _module_preset=&#8220;default&#8220; global_colors_info=&#8220;{}&#8220;][\/et_pb_image][et_pb_text admin_label=&#8220;Copy&#8220; _builder_version=&#8220;4.27.3&#8243; _module_preset=&#8220;f3cf22af-2a75-41cb-803a-93e24d0d4096&#8243; text_text_color=&#8220;#242424&#8243; text_line_height=&#8220;1.3em&#8220; header_font_size=&#8220;70px&#8220; global_colors_info=&#8220;{}&#8220;]<\/p>\n<p>Wir sind ein familiengef\u00fchrtes, wachsendes IT-Unternehmen aus dem Oldenburger Land, das seit vielen Jahren individuelle und zukunftsorientierte IT-L\u00f6sungen f\u00fcr Kunden aus den unterschiedlichsten Branchen entwickelt. Mit Leidenschaft f\u00fcr innovative Technologien und ma\u00dfgeschneiderte Software gestalten wir L\u00f6sungen, die begeistern. Als familiengef\u00fchrtes Unternehmen legen wir besonderen Wert auf ein vertrauensvolles, wertsch\u00e4tzendes Miteinander und Teamarbeit, um gemeinsam au\u00dfergew\u00f6hnliche Projekte zu realisieren.<\/p>\n<p>Unser Leistungsspektrum dreht sich rund um unser Softwarepaket <strong>APIOS<\/strong>, das individuell auf die Bed\u00fcrfnisse unserer Kunden zugeschnitten wird. APIOS ist ein umfassendes <strong>ERP-System (Enterprise Resource Planning)<\/strong>, das Unternehmen dabei unterst\u00fctzt, zentrale Gesch\u00e4ftsprozesse wie Einkauf, Produktion und Lager effizient zu planen und zu steuern. Abgerundet wird unser Softwarepaket durch spezialisierte Module. Unter anderem unsere Finanzbuchhaltung, die nahtlos in die bestehenden Prozesse integriert werden kann. Erg\u00e4nzend bietet APIOS <strong>CRM-Funktionen (Customer Relationship Management)<\/strong>, die eine effektive Verwaltung und Pflege von Kundenbeziehungen erm\u00f6glichen. In der stetigen Weiterentwicklung unserer Software, legen wir besonderen Wert auf h\u00f6chste Qualit\u00e4t, eine enge Zusammenarbeit im Team und die kontinuierliche Weiterentwicklung \u2013 sowohl in technologischer Hinsicht als auch auf pers\u00f6nlicher Ebene.<\/p>\n<p>[\/et_pb_text][\/et_pb_column][\/et_pb_row][\/et_pb_section][et_pb_section fb_built=&#8220;1&#8243; disabled_on=&#8220;off|on|on&#8220; admin_label=&#8220;Mobil \u2013 CtA&#8220; _builder_version=&#8220;4.27.3&#8243; _module_preset=&#8220;default&#8220; background_color=&#8220;#d4d1cc&#8220; custom_padding=&#8220;0px||50px||false|false&#8220; collapsed=&#8220;off&#8220; global_colors_info=&#8220;{}&#8220;][et_pb_row _builder_version=&#8220;4.27.3&#8243; _module_preset=&#8220;default&#8220; max_width=&#8220;80%&#8220; custom_margin=&#8220;||50px||false|false&#8220; global_colors_info=&#8220;{}&#8220;][et_pb_column type=&#8220;4_4&#8243; _builder_version=&#8220;4.27.3&#8243; _module_preset=&#8220;default&#8220; global_colors_info=&#8220;{}&#8220;][et_pb_text admin_label=&#8220;Copy&#8220; _builder_version=&#8220;4.27.3&#8243; _module_preset=&#8220;f3cf22af-2a75-41cb-803a-93e24d0d4096&#8243; text_text_color=&#8220;#242424&#8243; text_line_height=&#8220;1.3em&#8220; header_font_size=&#8220;70px&#8220; global_colors_info=&#8220;{}&#8220;]<\/p>\n<p>Um unser Entwicklerteam weiter auszubauen und jungen Talenten eine fundierte und spannende Ausbildung zu bieten, suchen wir Dich als:<\/p>\n<p>[\/et_pb_text][chiac_divi_accordions chiac_mode=&#8220;single&#8220; chiac_i_header_bg_clr=&#8220;RGBA(255,255,255,0)&#8220; chiac_i_right_icon_clr=&#8220;#FFFFFF&#8220; chiac_i_right_icon_clr_o=&#8220;#FFFFFF&#8220; chiac_i_right_icon_bg_clr=&#8220;#33998c&#8220; chiac_i_right_icon_bg_clr_o=&#8220;#33998c&#8220; chiac_i_title_bg_clr=&#8220;#33998c&#8220; chiac_i_title_bg_clr_o=&#8220;#33998c&#8220; dap_i_title_clr_o=&#8220;#FFFFFF&#8220; dap_i_subtitle_clr_o=&#8220;#FFFFFF&#8220; chiac_i_title_padding=&#8220;18px|20px|18px|20px|false|false&#8220; chiac_i_body_bg_clr=&#8220;#f0f0f0&#8243; chiac_i_item_margin=&#8220;||||false|false&#8220; chiac_i_item_padding=&#8220;||||false|false&#8220; _builder_version=&#8220;4.27.4&#8243; _module_preset=&#8220;default&#8220; default_font=&#8220;&#8211;et_global_body_font||||||||&#8220; default_text_color=&#8220;#242424&#8243; chiac_i_title_font=&#8220;&#8211;et_global_heading_font|600|||||||&#8220; chiac_i_title_text_color=&#8220;#FFFFFF&#8220; chiac_i_title_font_size=&#8220;24px&#8220; chiac_i_subtitle_font=&#8220;&#8211;et_global_heading_font||||||||&#8220; chiac_i_subtitle_text_color=&#8220;#FFFFFF&#8220; chiac_i_subtitle_font_size=&#8220;16px&#8220; custom_padding=&#8220;||||false|false&#8220; hover_enabled=&#8220;0&#8243; border_width_all_chiac_i_item=&#8220;0px&#8220; global_colors_info=&#8220;{}&#8220; sticky_enabled=&#8220;0&#8243;][chiac_divi_accordions_item title=&#8220;Auszubildender zum Fachinformatiker (m\/w\/d)&#8220; subtitle=&#8220;Fachrichtung Anwendungsentwicklung&#8220; chiac_l_icon_state=&#8220;off&#8220; chiac_state=&#8220;on&#8220; chiac_r_icon_rotate=&#8220;on&#8220; chiac_r_icon_margin=&#8220;||||false|false&#8220; chiac_r_icon_padding=&#8220;70px|20px|70px|20px|true|true&#8220; _builder_version=&#8220;4.27.4&#8243; _module_preset=&#8220;default&#8220; hover_enabled=&#8220;0&#8243; global_colors_info=&#8220;{}&#8220; sticky_enabled=&#8220;0&#8243;]<\/p>\n<p class=\"p1\">Start der Ausbildung: 01.08.2026 | Dauer: 3 Jahre<\/p>\n<p class=\"p1\"><span style=\"text-decoration: underline;\">Das erwartet Dich bei uns:<\/span><\/p>\n<ul>\n<li class=\"p1\">Entwicklung moderner Desktop- und Webanwendungen mit dem .NET-Framework<\/li>\n<li class=\"p1\">Datenbankanbindung, -programmierung und Erstellung von Auswertungen mit SQL<\/li>\n<li class=\"p1\">Programmierung von Android-Apps mit Xamarin oder Microsoft MAUI<\/li>\n<li class=\"p1\">Konzeption, Test, Dokumentation und Wartung unserer Softwarel\u00f6sungen<\/li>\n<li class=\"p1\">Ein spannendes und abwechslungsreiches Umfeld mit Projekten, die Du aktiv mitgestalten kannst<\/li>\n<\/ul>\n<p class=\"p1\"><span style=\"text-decoration: underline;\">Das bringst Du mit:<\/span><\/p>\n<ul>\n<li class=\"p1\">Einen mindestens guten Realschulabschluss<\/li>\n<li class=\"p1\">Interesse an Technik, Kreativit\u00e4t und Begeisterung f\u00fcr Softwareentwicklung<\/li>\n<li class=\"p1\">Kommunikationsf\u00e4higkeit, Flexibilit\u00e4t und Teamgeist<\/li>\n<li class=\"p1\">Eigeninitiative, Motivation und eine gute Portion Ideenreichtum<\/li>\n<\/ul>\n<p class=\"p1\"><span style=\"text-decoration: underline;\">Darauf kannst Du Dich freuen<\/span><\/p>\n<p class=\"p1\">Individuelle Weiterbildungsm\u00f6glichkeiten und F\u00f6rderung Deiner Talente<\/p>\n<ul>\n<li class=\"p1\">Flache Hierarchien und ein kollegiales Arbeitsklima<\/li>\n<li class=\"p1\">Flexible Arbeitszeiten und eine 38-Stunden-Woche<\/li>\n<li class=\"p1\">Kostenlose Getr\u00e4nke, WLAN und moderne Arbeitspl\u00e4tze<\/li>\n<li class=\"p1\">Hohe \u00dcbernahmequote nach erfolgreicher Ausbildung<\/li>\n<li class=\"p1\">Die M\u00f6glichkeit, unser Unternehmen aktiv mitzugestalten<\/li>\n<\/ul>\n<p>[\/chiac_divi_accordions_item][\/chiac_divi_accordions][et_pb_text _builder_version=&#8220;4.27.3&#8243; _module_preset=&#8220;default&#8220; text_font=&#8220;&#8211;et_global_heading_font|600|||||||&#8220; text_text_color=&#8220;#242424&#8243; global_colors_info=&#8220;{}&#8220;]<\/p>\n<p>Bereit, durchzustarten? Dann freuen wir uns auf Deine Bewerbungsunterlagen!<\/p>\n<p>[\/et_pb_text][et_pb_text _builder_version=&#8220;4.27.3&#8243; _module_preset=&#8220;default&#8220; text_font=&#8220;&#8211;et_global_heading_font||||||||&#8220; text_text_color=&#8220;#242424&#8243; link_font=&#8220;&#8211;et_global_heading_font||||||||&#8220; link_text_color=&#8220;#33998c&#8220; global_colors_info=&#8220;{}&#8220; link_text_color__hover_enabled=&#8220;on|hover&#8220; link_text_color__hover=&#8220;#ffffff&#8220;]<\/p>\n<p>Sommer IT-Factory GmbH<br \/>Alter Emsteker Weg 37<br \/>49661 Cloppenburg<br \/><a href=\"&#x6d;&#97;&#x69;&#x6c;t&#x6f;&#58;k&#x61;&#114;s&#x74;&#101;&#x6e;&#x2e;s&#x6f;&#109;m&#x65;&#114;&#64;&#x73;&#111;&#x6d;&#x6d;&#101;&#x72;&#x2d;i&#x74;&#45;f&#x61;&#99;t&#x6f;&#114;&#x79;&#x2e;d&#x65;\">&#107;a&#x72;s&#x74;&#101;&#x6e;&#46;&#x73;&#111;m&#x6d;e&#x72;&#64;&#x73;&#111;&#x6d;&#109;&#x65;&#114;-&#x69;t&#x2d;&#102;&#x61;&#99;&#x74;&#111;r&#x79;&#46;&#x64;&#101;<\/a><br \/><a href=\"&#109;&#x61;&#105;&#x6c;t&#x6f;:&#105;&#x6e;&#102;&#x6f;&#64;&#x73;o&#x6d;m&#101;&#x72;&#45;&#x69;t&#x2d;f&#x61;&#x63;&#116;&#x6f;&#114;&#x79;&#46;&#x64;e\">&#x69;&#x6e;&#x66;&#111;&#64;so&#x6d;&#x6d;&#x65;&#x72;&#45;&#105;t-&#x66;&#x61;&#x63;&#116;&#111;&#114;y&#46;&#x64;&#x65;<\/a><\/p>\n<p>[\/et_pb_text][\/et_pb_column][\/et_pb_row][\/et_pb_section][et_pb_section fb_built=&#8220;1&#8243; disabled_on=&#8220;on|off|off&#8220; admin_label=&#8220;Start&#8220; _builder_version=&#8220;4.27.3&#8243; _module_preset=&#8220;default&#8220; background_color=&#8220;#d4d1cc&#8220; collapsed=&#8220;on&#8220; global_colors_info=&#8220;{}&#8220;][et_pb_row make_equal=&#8220;on&#8220; _builder_version=&#8220;4.27.3&#8243; _module_preset=&#8220;default&#8220; width=&#8220;60%&#8220; max_width=&#8220;60%&#8220; global_colors_info=&#8220;{}&#8220;][et_pb_column type=&#8220;4_4&#8243; _builder_version=&#8220;4.27.2&#8243; _module_preset=&#8220;default&#8220; global_colors_info=&#8220;{}&#8220;][et_pb_text admin_label=&#8220;OL&#8220; _builder_version=&#8220;4.27.3&#8243; _module_preset=&#8220;f3cf22af-2a75-41cb-803a-93e24d0d4096&#8243; header_font_size=&#8220;70px&#8220; header_4_text_align=&#8220;center&#8220; header_4_text_color=&#8220;#242424&#8243; header_4_letter_spacing=&#8220;4px&#8220; text_orientation=&#8220;center&#8220; global_colors_info=&#8220;{}&#8220;]<\/p>\n<h4>Karriere<\/h4>\n<p>[\/et_pb_text][et_pb_text admin_label=&#8220;HL&#8220; _builder_version=&#8220;4.27.3&#8243; _module_preset=&#8220;f3cf22af-2a75-41cb-803a-93e24d0d4096&#8243; header_text_align=&#8220;center&#8220; header_text_color=&#8220;#242424&#8243; header_font_size=&#8220;70px&#8220; global_colors_info=&#8220;{}&#8220;]<\/p>\n<h1>Starte Deine Karriere in der IT-Branche!<\/h1>\n<p>[\/et_pb_text][\/et_pb_column][\/et_pb_row][et_pb_row column_structure=&#8220;1_2,1_2&#8243; make_equal=&#8220;on&#8220; _builder_version=&#8220;4.27.3&#8243; _module_preset=&#8220;default&#8220; max_width=&#8220;80%&#8220; global_colors_info=&#8220;{}&#8220;][et_pb_column type=&#8220;1_2&#8243; _builder_version=&#8220;4.27.2&#8243; _module_preset=&#8220;default&#8220; global_colors_info=&#8220;{}&#8220;][et_pb_text admin_label=&#8220;Copy&#8220; _builder_version=&#8220;4.27.3&#8243; _module_preset=&#8220;f3cf22af-2a75-41cb-803a-93e24d0d4096&#8243; text_text_color=&#8220;#242424&#8243; text_font_size=&#8220;20px&#8220; text_line_height=&#8220;1.3em&#8220; header_font_size=&#8220;70px&#8220; global_colors_info=&#8220;{}&#8220;]<\/p>\n<p>Wir sind ein familiengef\u00fchrtes, wachsendes IT-Unternehmen aus dem Oldenburger Land, das seit vielen Jahren individuelle und zukunftsorientierte IT-L\u00f6sungen f\u00fcr Kunden aus den unterschiedlichsten Branchen entwickelt. Mit Leidenschaft f\u00fcr innovative Technologien und ma\u00dfgeschneiderte Software gestalten wir L\u00f6sungen, die begeistern. Als familiengef\u00fchrtes Unternehmen legen wir besonderen Wert auf ein vertrauensvolles, wertsch\u00e4tzendes Miteinander und Teamarbeit, um gemeinsam au\u00dfergew\u00f6hnliche Projekte zu realisieren.<\/p>\n<p>Unser Leistungsspektrum dreht sich rund um unser Softwarepaket <strong>APIOS<\/strong>, das individuell auf die Bed\u00fcrfnisse unserer Kunden zugeschnitten wird. APIOS ist ein umfassendes <strong>ERP-System (Enterprise Resource Planning)<\/strong>, das Unternehmen dabei unterst\u00fctzt, zentrale Gesch\u00e4ftsprozesse wie Einkauf, Produktion und Lager effizient zu planen und zu steuern. Abgerundet wird unser Softwarepaket durch spezialisierte Module. Unter anderem unsere Finanzbuchhaltung, die nahtlos in die bestehenden Prozesse integriert werden kann. Erg\u00e4nzend bietet APIOS <strong>CRM-Funktionen (Customer Relationship Management)<\/strong>, die eine effektive Verwaltung und Pflege von Kundenbeziehungen erm\u00f6glichen. In der stetigen Weiterentwicklung unserer Software, legen wir besonderen Wert auf h\u00f6chste Qualit\u00e4t, eine enge Zusammenarbeit im Team und die kontinuierliche Weiterentwicklung \u2013 sowohl in technologischer Hinsicht als auch auf pers\u00f6nlicher Ebene.<\/p>\n<p>[\/et_pb_text][\/et_pb_column][et_pb_column type=&#8220;1_2&#8243; _builder_version=&#8220;4.27.2&#8243; _module_preset=&#8220;default&#8220; global_colors_info=&#8220;{}&#8220;][et_pb_image src=&#8220;https:\/\/www.sommer-it-factory.de\/wp-content\/uploads\/2024\/11\/APIOS-Karriere.jpg&#8220; title_text=&#8220;APIOS-Karriere&#8220; _builder_version=&#8220;4.27.3&#8243; _module_preset=&#8220;default&#8220; global_colors_info=&#8220;{}&#8220;][\/et_pb_image][\/et_pb_column][\/et_pb_row][\/et_pb_section][et_pb_section fb_built=&#8220;1&#8243; disabled_on=&#8220;on|off|off&#8220; admin_label=&#8220;CtA&#8220; _builder_version=&#8220;4.27.3&#8243; _module_preset=&#8220;default&#8220; background_color=&#8220;#d4d1cc&#8220; custom_padding=&#8220;||100px||false|false&#8220; collapsed=&#8220;off&#8220; global_colors_info=&#8220;{}&#8220;][et_pb_row _builder_version=&#8220;4.27.3&#8243; _module_preset=&#8220;default&#8220; width=&#8220;60%&#8220; max_width=&#8220;60%&#8220; custom_margin=&#8220;||50px||false|false&#8220; global_colors_info=&#8220;{}&#8220;][et_pb_column type=&#8220;4_4&#8243; _builder_version=&#8220;4.27.3&#8243; _module_preset=&#8220;default&#8220; global_colors_info=&#8220;{}&#8220;][et_pb_text admin_label=&#8220;Copy&#8220; _builder_version=&#8220;4.27.3&#8243; _module_preset=&#8220;f3cf22af-2a75-41cb-803a-93e24d0d4096&#8243; text_text_color=&#8220;#242424&#8243; text_font_size=&#8220;20px&#8220; text_line_height=&#8220;1.3em&#8220; header_font_size=&#8220;70px&#8220; text_orientation=&#8220;center&#8220; global_colors_info=&#8220;{}&#8220;]<\/p>\n<p>Um unser Entwicklerteam weiter auszubauen und jungen Talenten eine fundierte und spannende Ausbildung zu bieten, suchen wir Dich als:<\/p>\n<p>[\/et_pb_text][chiac_divi_accordions chiac_mode=&#8220;single&#8220; chiac_i_header_bg_clr=&#8220;RGBA(255,255,255,0)&#8220; chiac_i_right_icon_clr=&#8220;#FFFFFF&#8220; chiac_i_right_icon_clr_o=&#8220;#FFFFFF&#8220; chiac_i_right_icon_bg_clr=&#8220;#33998c&#8220; chiac_i_right_icon_bg_clr_o=&#8220;#33998c&#8220; chiac_i_title_bg_clr=&#8220;#33998c&#8220; chiac_i_title_bg_clr_o=&#8220;#33998c&#8220; dap_i_title_clr_o=&#8220;#FFFFFF&#8220; dap_i_subtitle_clr_o=&#8220;#FFFFFF&#8220; chiac_i_title_padding=&#8220;18px|20px|18px|20px|false|false&#8220; chiac_i_body_bg_clr=&#8220;#f0f0f0&#8243; chiac_i_item_margin=&#8220;||||false|false&#8220; chiac_i_item_padding=&#8220;||||false|false&#8220; _builder_version=&#8220;4.27.4&#8243; _module_preset=&#8220;default&#8220; default_font=&#8220;&#8211;et_global_body_font||||||||&#8220; default_text_color=&#8220;#242424&#8243; chiac_i_title_font=&#8220;&#8211;et_global_heading_font|600|||||||&#8220; chiac_i_title_text_color=&#8220;#FFFFFF&#8220; chiac_i_title_font_size=&#8220;30px&#8220; chiac_i_subtitle_font=&#8220;&#8211;et_global_heading_font||||||||&#8220; chiac_i_subtitle_text_color=&#8220;#FFFFFF&#8220; chiac_i_subtitle_font_size=&#8220;16px&#8220; custom_padding=&#8220;||||false|false&#8220; hover_enabled=&#8220;0&#8243; border_width_all_chiac_i_item=&#8220;0px&#8220; global_colors_info=&#8220;{}&#8220; sticky_enabled=&#8220;0&#8243;][chiac_divi_accordions_item title=&#8220;Auszubildender zum Fachinformatiker (m\/w\/d)&#8220; subtitle=&#8220;Fachrichtung Anwendungsentwicklung&#8220; chiac_l_icon_state=&#8220;off&#8220; chiac_state=&#8220;on&#8220; chiac_r_icon_rotate=&#8220;on&#8220; chiac_r_icon_size=&#8220;54px&#8220; chiac_r_icon_margin=&#8220;||||false|false&#8220; chiac_r_icon_padding=&#8220;20px|20px|20px|20px|true|true&#8220; _builder_version=&#8220;4.27.4&#8243; _module_preset=&#8220;default&#8220; hover_enabled=&#8220;0&#8243; global_colors_info=&#8220;{}&#8220; sticky_enabled=&#8220;0&#8243;]<\/p>\n<p class=\"p1\">Start der Ausbildung: 01.08.2026 | Dauer: 3 Jahre<\/p>\n<p class=\"p1\"><span style=\"text-decoration: underline;\">Das erwartet Dich bei uns:<\/span><\/p>\n<ul>\n<li class=\"p1\">Entwicklung moderner Desktop- und Webanwendungen mit dem .NET-Framework<\/li>\n<li class=\"p1\">Datenbankanbindung, -programmierung und Erstellung von Auswertungen mit SQL<\/li>\n<li class=\"p1\">Programmierung von Android-Apps mit Xamarin oder Microsoft MAUI<\/li>\n<li class=\"p1\">Konzeption, Test, Dokumentation und Wartung unserer Softwarel\u00f6sungen<\/li>\n<li class=\"p1\">Ein spannendes und abwechslungsreiches Umfeld mit Projekten, die Du aktiv mitgestalten kannst<\/li>\n<\/ul>\n<p class=\"p1\"><span style=\"text-decoration: underline;\">Das bringst Du mit:<\/span><\/p>\n<ul>\n<li class=\"p1\">Einen mindestens guten Realschulabschluss<\/li>\n<li class=\"p1\">Interesse an Technik, Kreativit\u00e4t und Begeisterung f\u00fcr Softwareentwicklung<\/li>\n<li class=\"p1\">Kommunikationsf\u00e4higkeit, Flexibilit\u00e4t und Teamgeist<\/li>\n<li class=\"p1\">Eigeninitiative, Motivation und eine gute Portion Ideenreichtum<\/li>\n<\/ul>\n<p class=\"p1\"><span style=\"text-decoration: underline;\">Darauf kannst Du Dich freuen<\/span><\/p>\n<p class=\"p1\">Individuelle Weiterbildungsm\u00f6glichkeiten und F\u00f6rderung Deiner Talente<\/p>\n<ul>\n<li class=\"p1\">Flache Hierarchien und ein kollegiales Arbeitsklima<\/li>\n<li class=\"p1\">Flexible Arbeitszeiten und eine 38-Stunden-Woche<\/li>\n<li class=\"p1\">Kostenlose Getr\u00e4nke, WLAN und moderne Arbeitspl\u00e4tze<\/li>\n<li class=\"p1\">Hohe \u00dcbernahmequote nach erfolgreicher Ausbildung<\/li>\n<li class=\"p1\">Die M\u00f6glichkeit, unser Unternehmen aktiv mitzugestalten<\/li>\n<\/ul>\n<p>[\/chiac_divi_accordions_item][\/chiac_divi_accordions][\/et_pb_column][\/et_pb_row][et_pb_row _builder_version=&#8220;4.27.3&#8243; _module_preset=&#8220;default&#8220; width=&#8220;50%&#8220; max_width=&#8220;50%&#8220; custom_margin=&#8220;||50px||false|false&#8220; global_colors_info=&#8220;{}&#8220;][et_pb_column type=&#8220;4_4&#8243; _builder_version=&#8220;4.27.3&#8243; _module_preset=&#8220;default&#8220; global_colors_info=&#8220;{}&#8220;][et_pb_text _builder_version=&#8220;4.27.3&#8243; _module_preset=&#8220;default&#8220; text_font=&#8220;&#8211;et_global_heading_font|600|||||||&#8220; text_text_color=&#8220;#242424&#8243; text_font_size=&#8220;24px&#8220; global_colors_info=&#8220;{}&#8220;]<\/p>\n<p>Bereit, durchzustarten? Dann freuen wir uns auf Deine Bewerbungsunterlagen!<\/p>\n<p>[\/et_pb_text][et_pb_text _builder_version=&#8220;4.27.3&#8243; _module_preset=&#8220;default&#8220; text_font=&#8220;&#8211;et_global_heading_font||||||||&#8220; text_text_color=&#8220;#242424&#8243; link_font=&#8220;&#8211;et_global_heading_font||||||||&#8220; link_text_color=&#8220;#33998c&#8220; global_colors_info=&#8220;{}&#8220; link_text_color__hover_enabled=&#8220;on|hover&#8220; link_text_color__hover=&#8220;#ffffff&#8220;]<\/p>\n<p>Sommer IT-Factory GmbH<br \/>Alter Emsteker Weg 37<br \/>49661 Cloppenburg<br \/><a href=\"&#x6d;a&#x69;&#108;&#x74;&#111;:&#x6b;a&#x72;&#115;&#x74;&#101;n&#x2e;&#115;&#x6f;&#109;m&#x65;r&#x40;&#115;&#x6f;&#109;m&#x65;r&#x2d;&#105;&#x74;&#x2d;f&#x61;&#99;&#x74;&#111;r&#x79;&#46;&#x64;&#101;\">ka&#114;&#115;&#116;&#101;&#x6e;&#x2e;&#x73;&#x6f;&#x6d;me&#114;&#64;&#115;&#111;&#x6d;&#x6d;&#x65;&#x72;&#x2d;it&#45;&#102;&#97;&#99;&#x74;&#x6f;&#x72;&#x79;&#x2e;de<\/a><br \/><a href=\"&#x6d;&#97;&#105;l&#x74;&#x6f;&#58;i&#x6e;&#x66;&#111;&#64;&#x73;&#x6f;&#109;m&#x65;&#x72;&#45;i&#x74;&#x2d;&#102;a&#x63;&#x74;&#111;&#114;y&#x2e;&#x64;&#101;\">in&#102;&#111;&#64;&#x73;&#x6f;&#x6d;&#x6d;&#x65;r-&#105;&#116;&#45;&#x66;&#x61;&#x63;&#x74;&#x6f;ry&#46;&#100;&#101;<\/a><\/p>\n<p>[\/et_pb_text][\/et_pb_column][\/et_pb_row][et_pb_row disabled_on=&#8220;on|on|on&#8220; _builder_version=&#8220;4.27.3&#8243; _module_preset=&#8220;default&#8220; width=&#8220;50%&#8220; max_width=&#8220;50%&#8220; custom_margin=&#8220;1px|auto||auto||&#8220; disabled=&#8220;on&#8220; collapsed=&#8220;on&#8220; global_colors_info=&#8220;{}&#8220;][et_pb_column type=&#8220;4_4&#8243; _builder_version=&#8220;4.27.3&#8243; _module_preset=&#8220;default&#8220; global_colors_info=&#8220;{}&#8220;][et_pb_text _builder_version=&#8220;4.27.3&#8243; _module_preset=&#8220;default&#8220; text_font=&#8220;&#8211;et_global_heading_font|600|||||||&#8220; text_text_color=&#8220;#FFFFFF&#8220; text_font_size=&#8220;24px&#8220; global_colors_info=&#8220;{}&#8220;]<\/p>\n<p>Oder nutzen Sie das Kontaktformular:<\/p>\n<p>[\/et_pb_text][dsm_contact_form_7 cf7_library=&#8220;11520&#8243; _builder_version=&#8220;4.27.3&#8243; _module_preset=&#8220;default&#8220; labels_font=&#8220;&#8211;et_global_body_font||||||||&#8220; labels_text_color=&#8220;#FFFFFF&#8220; labels_font_size=&#8220;16px&#8220; custom_button_one=&#8220;on&#8220; button_one_text_color=&#8220;#FFFFFF&#8220; button_one_bg_color=&#8220;#33998c&#8220; button_one_border_width=&#8220;0px&#8220; button_one_icon_color=&#8220;#FFFFFF&#8220; global_colors_info=&#8220;{}&#8220;][\/dsm_contact_form_7][\/et_pb_column][\/et_pb_row][\/et_pb_section]<\/p>\n","protected":false},"excerpt":{"rendered":"<p>KarriereStarte Deine Karriere in der IT-Branche!Wir sind ein familiengef\u00fchrtes, wachsendes IT-Unternehmen aus dem Oldenburger Land, das seit vielen Jahren individuelle und zukunftsorientierte IT-L\u00f6sungen f\u00fcr Kunden aus den unterschiedlichsten Branchen entwickelt. Mit Leidenschaft f\u00fcr innovative Technologien und ma\u00dfgeschneiderte Software gestalten wir L\u00f6sungen, die begeistern. Als familiengef\u00fchrtes Unternehmen legen wir besonderen Wert auf ein vertrauensvolles, wertsch\u00e4tzendes Miteinander [&hellip;]<\/p>\n","protected":false},"author":2,"featured_media":0,"parent":0,"menu_order":0,"comment_status":"closed","ping_status":"closed","template":"","meta":{"_et_pb_use_builder":"on","_et_pb_old_content":"","_et_gb_content_width":"","footnotes":""},"class_list":["post-11694","page","type-page","status-publish","hentry"],"_links":{"self":[{"href":"https:\/\/www.sommer-it-factory.de\/index.php\/wp-json\/wp\/v2\/pages\/11694","targetHints":{"allow":["GET"]}}],"collection":[{"href":"https:\/\/www.sommer-it-factory.de\/index.php\/wp-json\/wp\/v2\/pages"}],"about":[{"href":"https:\/\/www.sommer-it-factory.de\/index.php\/wp-json\/wp\/v2\/types\/page"}],"author":[{"embeddable":true,"href":"https:\/\/www.sommer-it-factory.de\/index.php\/wp-json\/wp\/v2\/users\/2"}],"replies":[{"embeddable":true,"href":"https:\/\/www.sommer-it-factory.de\/index.php\/wp-json\/wp\/v2\/comments?post=11694"}],"version-history":[{"count":28,"href":"https:\/\/www.sommer-it-factory.de\/index.php\/wp-json\/wp\/v2\/pages\/11694\/revisions"}],"predecessor-version":[{"id":12191,"href":"https:\/\/www.sommer-it-factory.de\/index.php\/wp-json\/wp\/v2\/pages\/11694\/revisions\/12191"}],"wp:attachment":[{"href":"https:\/\/www.sommer-it-factory.de\/index.php\/wp-json\/wp\/v2\/media?parent=11694"}],"curies":[{"name":"wp","href":"https:\/\/api.w.org\/{rel}","templated":true}]}}