{"id":11712,"date":"2024-11-14T12:20:07","date_gmt":"2024-11-14T11:20:07","guid":{"rendered":"https:\/\/wp.sommer-it-factory.de\/?page_id=11712"},"modified":"2025-01-28T13:33:55","modified_gmt":"2025-01-28T12:33:55","slug":"impressum","status":"publish","type":"page","link":"https:\/\/www.sommer-it-factory.de\/index.php\/impressum\/","title":{"rendered":"Impressum"},"content":{"rendered":"<p>[et_pb_section fb_built=&#8220;1&#8243; disabled_on=&#8220;off|on|on&#8220; admin_label=&#8220;Mobil \u2013 Start&#8220; _builder_version=&#8220;4.27.3&#8243; _module_preset=&#8220;default&#8220; background_color=&#8220;#242424&#8243; custom_padding=&#8220;150px||||false|false&#8220; collapsed=&#8220;off&#8220; global_colors_info=&#8220;{}&#8220;][et_pb_row make_equal=&#8220;on&#8220; _builder_version=&#8220;4.27.3&#8243; _module_preset=&#8220;default&#8220; max_width=&#8220;80%&#8220; global_colors_info=&#8220;{}&#8220;][et_pb_column type=&#8220;4_4&#8243; _builder_version=&#8220;4.27.2&#8243; _module_preset=&#8220;default&#8220; global_colors_info=&#8220;{}&#8220;][et_pb_text admin_label=&#8220;HL&#8220; _builder_version=&#8220;4.27.3&#8243; _module_preset=&#8220;f3cf22af-2a75-41cb-803a-93e24d0d4096&#8243; header_text_align=&#8220;left&#8220; header_font_size=&#8220;28px&#8220; global_colors_info=&#8220;{}&#8220;]<\/p>\n<h1>Impressum<\/h1>\n<p>[\/et_pb_text][et_pb_text admin_label=&#8220;Copy&#8220; _builder_version=&#8220;4.27.4&#8243; _module_preset=&#8220;f3cf22af-2a75-41cb-803a-93e24d0d4096&#8243; text_text_color=&#8220;#FFFFFF&#8220; text_font_size=&#8220;16px&#8220; text_line_height=&#8220;1.3em&#8220; link_font=&#8220;&#8211;et_global_body_font||||||||&#8220; link_text_color=&#8220;#33998c&#8220; link_font_size=&#8220;16px&#8220; header_font_size=&#8220;70px&#8220; hover_enabled=&#8220;0&#8243; global_colors_info=&#8220;{}&#8220; link_text_color__hover_enabled=&#8220;on|hover&#8220; link_text_color__hover=&#8220;#FFFFFF&#8220; sticky_enabled=&#8220;0&#8243;]<\/p>\n<p>Sommer IT-Factory GmbH<br \/>Alter Emsteker Weg 37<br \/>49661 Cloppenburg<\/p>\n<p>Telefon: <a href=\"tel:+494471947206\">04471 947206<\/a><br \/>Telefax: 04471 947207<br \/>E-Mail: <a href=\"&#x6d;&#97;i&#x6c;&#116;&#111;&#x3a;&#x69;&#110;f&#x6f;&#64;s&#x6f;&#x6d;&#109;e&#x72;&#45;i&#x74;&#x2d;&#102;a&#x63;&#116;o&#x72;&#x79;&#46;d&#x65;\">info&#64;&#115;&#111;&#109;&#109;&#101;&#114;&#x2d;&#x69;&#x74;&#x2d;&#x66;&#x61;&#x63;&#x74;&#x6f;ry&#46;d&#101;<\/a><br \/>Internet: <a href=\"https:\/\/www.sommer-it-factory.de\">www.sommer-it-factory.de<\/a><\/p>\n<p>Amtsgericht Oldenburg HRB 213862<br \/>USt-IdNr: DE321519986<br \/>Gesch\u00e4ftsf\u00fchrer: Ludwig Sommer, Karsten Sommer<\/p>\n<p><strong>Abgrenzung<\/strong><br \/>Diese Web-Seiten sind Teil des World Wide Web und aus diesem Grunde mit fremden, sich jederzeit wandeln k\u00f6nnenden Web-Seiten verkn\u00fcpft, die nicht unserem Verantwortungsbereich unterliegen. Dass die auf unseren Seiten einbezogenen Links nicht gegen Sitten und Gesetze versto\u00dfen, wurde gepr\u00fcft bevor sie hier aufgenommen wurden. Links auf fremde Web-Seiten erkennen Sie an sich neu \u00f6ffnenden Browserfenstern.<\/p>\n<p><strong>Haftungsausschluss<\/strong><br \/>Die Inhalte dieser Web-Seiten wurden sorgf\u00e4ltig gepr\u00fcft und nach bestem Wissen erstellt. F\u00fcr die hier dargebotenen Informationen wird trotzdem kein Anspruch auf Vollst\u00e4ndigkeit, Qualit\u00e4t, Aktualit\u00e4t und Richtigkeit erhoben. Es kann keine Verantwortung f\u00fcr Sch\u00e4den \u00fcbernommen werden, die durch das Vertrauen auf die Inhalte dieser Web-Seiten oder deren Gebrauch entstehen.<\/p>\n<p><strong>Schutzrechtsverletzung<\/strong><br \/>Falls Sie vermuten, dass von dieser Web-Seite aus eines Ihrer Schutzrechte verletzt wird, teilen Sie das bitte umgehend per elektronischer Post mit, damit z\u00fcgig Abhilfe geschafft werden kann. Bitte nehmen Sie zur Kenntnis: Die zeitaufw\u00e4ndigere Einschaltung eines Anwaltes zur f\u00fcr den Diensteanbieter kostenpflichtigen Abmahnung entspricht nicht dessen wirklichen oder mutma\u00dflichen Willen.<\/p>\n<p>[\/et_pb_text][\/et_pb_column][\/et_pb_row][\/et_pb_section][et_pb_section fb_built=&#8220;1&#8243; disabled_on=&#8220;on|off|off&#8220; admin_label=&#8220;Start&#8220; _builder_version=&#8220;4.27.2&#8243; _module_preset=&#8220;default&#8220; background_color=&#8220;#242424&#8243; collapsed=&#8220;on&#8220; global_colors_info=&#8220;{}&#8220;][et_pb_row make_equal=&#8220;on&#8220; _builder_version=&#8220;4.27.3&#8243; _module_preset=&#8220;default&#8220; width=&#8220;60%&#8220; max_width=&#8220;60%&#8220; global_colors_info=&#8220;{}&#8220;][et_pb_column type=&#8220;4_4&#8243; _builder_version=&#8220;4.27.2&#8243; _module_preset=&#8220;default&#8220; global_colors_info=&#8220;{}&#8220;][et_pb_text admin_label=&#8220;HL&#8220; _builder_version=&#8220;4.27.3&#8243; _module_preset=&#8220;f3cf22af-2a75-41cb-803a-93e24d0d4096&#8243; header_text_align=&#8220;left&#8220; header_font_size=&#8220;52px&#8220; global_colors_info=&#8220;{}&#8220;]<\/p>\n<h1>Impressum<\/h1>\n<p>[\/et_pb_text][et_pb_text admin_label=&#8220;Copy&#8220; _builder_version=&#8220;4.27.4&#8243; _module_preset=&#8220;f3cf22af-2a75-41cb-803a-93e24d0d4096&#8243; text_text_color=&#8220;#FFFFFF&#8220; text_font_size=&#8220;16px&#8220; text_line_height=&#8220;1.3em&#8220; link_font=&#8220;&#8211;et_global_body_font||||||||&#8220; link_text_color=&#8220;#33998c&#8220; link_font_size=&#8220;16px&#8220; header_font_size=&#8220;70px&#8220; hover_enabled=&#8220;0&#8243; global_colors_info=&#8220;{}&#8220; link_text_color__hover_enabled=&#8220;on|hover&#8220; link_text_color__hover=&#8220;#FFFFFF&#8220; sticky_enabled=&#8220;0&#8243;]<\/p>\n<p>Sommer IT-Factory GmbH<br \/>Alter Emsteker Weg 37<br \/>49661 Cloppenburg<\/p>\n<p>Telefon: <a href=\"tel:+494471947206\">04471 947206<\/a><br \/>Telefax: 04471 947207<br \/>E-Mail: <a href=\"&#109;&#x61;&#105;&#x6c;t&#x6f;:&#105;&#x6e;&#102;&#x6f;&#64;&#x73;o&#x6d;m&#101;&#x72;&#45;&#x69;t&#x2d;f&#x61;&#x63;&#116;&#x6f;&#114;&#x79;&#46;&#x64;e\">in&#102;&#111;&#x40;&#x73;&#x6f;&#x6d;me&#114;&#45;&#x69;&#x74;&#x2d;&#x66;ac&#116;&#111;&#114;&#x79;&#x2e;&#x64;&#x65;<\/a><br \/>Internet: <a href=\"https:\/\/www.sommer-it-factory.de\">www.sommer-it-factory.de<\/a><\/p>\n<p>Amtsgericht Oldenburg HRB 213862<br \/>USt-IdNr: DE321519986<br \/>Gesch\u00e4ftsf\u00fchrer: Ludwig Sommer, Karsten Sommer<\/p>\n<p><strong>Abgrenzung<\/strong><br \/>Diese Web-Seiten sind Teil des World Wide Web und aus diesem Grunde mit fremden, sich jederzeit wandeln k\u00f6nnenden Web-Seiten verkn\u00fcpft, die nicht unserem Verantwortungsbereich unterliegen. Dass die auf unseren Seiten einbezogenen Links nicht gegen Sitten und Gesetze versto\u00dfen, wurde gepr\u00fcft bevor sie hier aufgenommen wurden. Links auf fremde Web-Seiten erkennen Sie an sich neu \u00f6ffnenden Browserfenstern.<\/p>\n<p><strong>Haftungsausschluss<\/strong><br \/>Die Inhalte dieser Web-Seiten wurden sorgf\u00e4ltig gepr\u00fcft und nach bestem Wissen erstellt. F\u00fcr die hier dargebotenen Informationen wird trotzdem kein Anspruch auf Vollst\u00e4ndigkeit, Qualit\u00e4t, Aktualit\u00e4t und Richtigkeit erhoben. Es kann keine Verantwortung f\u00fcr Sch\u00e4den \u00fcbernommen werden, die durch das Vertrauen auf die Inhalte dieser Web-Seiten oder deren Gebrauch entstehen.<\/p>\n<p><strong>Schutzrechtsverletzung<\/strong><br \/>Falls Sie vermuten, dass von dieser Web-Seite aus eines Ihrer Schutzrechte verletzt wird, teilen Sie das bitte umgehend per elektronischer Post mit, damit z\u00fcgig Abhilfe geschafft werden kann. Bitte nehmen Sie zur Kenntnis: Die zeitaufw\u00e4ndigere Einschaltung eines Anwaltes zur f\u00fcr den Diensteanbieter kostenpflichtigen Abmahnung entspricht nicht dessen wirklichen oder mutma\u00dflichen Willen.<\/p>\n<p>[\/et_pb_text][\/et_pb_column][\/et_pb_row][\/et_pb_section]<\/p>\n","protected":false},"excerpt":{"rendered":"<p>ImpressumSommer IT-Factory GmbHAlter Emsteker Weg 3749661 Cloppenburg Telefon: 04471 947206Telefax: 04471 947207E-Mail: &#x69;&#x6e;&#102;&#111;&#64;&#x73;&#x6f;&#x6d;&#109;er&#x2d;&#x69;&#116;&#45;f&#x61;&#x63;&#x74;&#111;ry&#x2e;&#x64;&#101;&#73;n&#x74;&#x65;&#x72;&#110;et: www.sommer-it-factory.de Amtsgericht Oldenburg HRB 213862USt-IdNr: DE321519986Gesch\u00e4ftsf\u00fchrer: Ludwig Sommer, Karsten Sommer AbgrenzungDiese Web-Seiten sind Teil des World Wide Web und aus diesem Grunde mit fremden, sich jederzeit wandeln k\u00f6nnenden Web-Seiten verkn\u00fcpft, die nicht unserem Verantwortungsbereich unterliegen. Dass die auf unseren Seiten einbezogenen Links [&hellip;]<\/p>\n","protected":false},"author":2,"featured_media":0,"parent":0,"menu_order":0,"comment_status":"closed","ping_status":"closed","template":"","meta":{"_et_pb_use_builder":"on","_et_pb_old_content":"","_et_gb_content_width":"","footnotes":""},"class_list":["post-11712","page","type-page","status-publish","hentry"],"_links":{"self":[{"href":"https:\/\/www.sommer-it-factory.de\/index.php\/wp-json\/wp\/v2\/pages\/11712","targetHints":{"allow":["GET"]}}],"collection":[{"href":"https:\/\/www.sommer-it-factory.de\/index.php\/wp-json\/wp\/v2\/pages"}],"about":[{"href":"https:\/\/www.sommer-it-factory.de\/index.php\/wp-json\/wp\/v2\/types\/page"}],"author":[{"embeddable":true,"href":"https:\/\/www.sommer-it-factory.de\/index.php\/wp-json\/wp\/v2\/users\/2"}],"replies":[{"embeddable":true,"href":"https:\/\/www.sommer-it-factory.de\/index.php\/wp-json\/wp\/v2\/comments?post=11712"}],"version-history":[{"count":8,"href":"https:\/\/www.sommer-it-factory.de\/index.php\/wp-json\/wp\/v2\/pages\/11712\/revisions"}],"predecessor-version":[{"id":12156,"href":"https:\/\/www.sommer-it-factory.de\/index.php\/wp-json\/wp\/v2\/pages\/11712\/revisions\/12156"}],"wp:attachment":[{"href":"https:\/\/www.sommer-it-factory.de\/index.php\/wp-json\/wp\/v2\/media?parent=11712"}],"curies":[{"name":"wp","href":"https:\/\/api.w.org\/{rel}","templated":true}]}}